{"id":3709,"date":"2021-04-18T08:19:11","date_gmt":"2021-04-18T08:19:11","guid":{"rendered":"https:\/\/suntos.gr\/?page_id=3709"},"modified":"2023-08-24T10:07:39","modified_gmt":"2023-08-24T10:07:39","slug":"raisins-factory","status":"publish","type":"page","link":"https:\/\/suntos.gr\/de\/raisins-factory\/","title":{"rendered":"Raisin fabrik"},"content":{"rendered":"<p><div class=\"fusion-fullwidth fullwidth-box fusion-builder-row-1 nonhundred-percent-fullwidth non-hundred-percent-height-scrolling fusion-equal-height-columns\" style=\"--awb-border-radius-top-left:0px;--awb-border-radius-top-right:0px;--awb-border-radius-bottom-right:0px;--awb-border-radius-bottom-left:0px;--awb-padding-top:40px;--awb-padding-right:0px;--awb-padding-bottom:40px;--awb-padding-left:0px;--awb-background-color:rgba(255,255,255,0.88);--awb-flex-wrap:wrap;\" ><div class=\"fusion-builder-row fusion-row\"><div class=\"fusion-layout-column fusion_builder_column fusion-builder-column-0 fusion_builder_column_1_1 1_1 fusion-one-full fusion-column-first fusion-column-last\" style=\"--awb-padding-top:40px;--awb-padding-right:89px;--awb-padding-bottom:40px;--awb-padding-left:93px;--awb-bg-color:rgba(255,255,255,0.88);--awb-bg-color-hover:rgba(255,255,255,0.88);--awb-bg-blend:overlay;--awb-bg-size:cover;--awb-margin-bottom:0px;\"><div class=\"fusion-column-wrapper fusion-column-has-shadow fusion-flex-column-wrapper-legacy\"><div class=\"fusion-title title fusion-title-1 fusion-title-center fusion-title-text fusion-title-size-two\"><div class=\"title-sep-container title-sep-container-left\"><div class=\"title-sep sep- sep-solid\" style=\"border-color:#e2e2e2;\"><\/div><\/div><span class=\"awb-title-spacer\"><\/span><h2 class=\"fusion-title-heading title-heading-center fusion-responsive-typography-calculated\" style=\"margin:0;--fontSize:48;line-height:1.2;\">Unsere Geschichte<\/h2><span class=\"awb-title-spacer\"><\/span><div class=\"title-sep-container title-sep-container-right\"><div class=\"title-sep sep- sep-solid\" style=\"border-color:#e2e2e2;\"><\/div><\/div><\/div><div class=\"fusion-sep-clear\"><\/div><div class=\"fusion-separator fusion-full-width-sep\" style=\"margin-left: auto;margin-right: auto;margin-top:10px;margin-bottom:10px;width:100%;\"><\/div><div class=\"fusion-sep-clear\"><\/div><div class=\"fusion-content-boxes content-boxes columns row fusion-columns-2 fusion-columns-total-2 fusion-content-boxes-1 content-boxes-timeline-horizontal content-left content-boxes-icon-on-top content-boxes-timeline-layout fusion-delayed-animation\" style=\"--awb-margin-top:0px;--awb-margin-bottom:0px;--awb-hover-accent-color:#304fa2;--awb-circle-hover-accent-color:#304fa2;\" data-animation-delay=\"350\" data-animationOffset=\"top-into-view\"><div style=\"--awb-backgroundcolor:rgba(255,255,255,0);\" class=\"fusion-column content-box-column content-box-column content-box-column-1 col-lg-6 col-md-6 col-sm-6 fusion-content-box-hover content-box-column-first-in-row\"><div class=\"col content-box-wrapper content-wrapper link-area-link-icon content-icon-wrapper-yes icon-wrapper-hover-animation-pulsate fusion-animated\" data-animationType=\"fadeIn\" data-animationDuration=\"0.25\" data-animationOffset=\"top-into-view\"><div class=\"heading heading-with-icon icon-left\"><div class=\"icon\" style=\"-webkit-animation-duration: 350ms;animation-duration: 350ms;\"><span style=\"height:52px;width:52px;line-height:26px;border-color:#ffcb09;border-width:4px;border-style:solid;background-color:#ffcb09;box-sizing:content-box;border-radius:50%;\"><i style=\"border-color:rgba(255,255,255,0);border-width:0px;background-color:#304fa2;box-sizing:content-box;height:52px;width:52px;line-height:52px;border-radius:50%;position:relative;top:auto;left:auto;margin:0;border-radius:50%;font-size:26px;\" aria-hidden=\"true\" class=\"fontawesome-icon fa-flag-checkered fas circle-yes\"><\/i><\/span><\/div><h2 class=\"content-box-heading fusion-responsive-typography-calculated\" style=\"--h2_typography-font-size:22px;--fontSize:22;line-height:1.2;\">Einrichtung<\/h2><\/div><div class=\"fusion-clearfix\"><\/div><div class=\"content-container\"><span style=\"color: #304fa2;\"><strong>1955<\/strong><\/span><\/p>\n<p style=\"text-align: justify;\">Im Jahr 1955 beginnt Konstantin Toskoudis, der Unternehmensgr\u00fcnder der Suntos SA, mit dem Bau einer eigenen Rosinenfabrik in der Stadt Iraklio\/Kreta die Verarbeitung, Standardisierung und den Export von getrockneten Trauben.<\/p>\n<\/div><div class=\"content-box-shortcode-timeline\" style=\"border-color:#ffcb09;top:30px;-webkit-transition-duration: 350ms;animation-duration: 350ms;\"><\/div><\/div><\/div><div style=\"--awb-backgroundcolor:rgba(255,255,255,0);\" class=\"fusion-column content-box-column content-box-column content-box-column-2 col-lg-6 col-md-6 col-sm-6 fusion-content-box-hover content-box-column-last content-box-column-last-in-row\"><div class=\"col content-box-wrapper content-wrapper link-area-link-icon content-icon-wrapper-yes icon-wrapper-hover-animation-pulsate fusion-animated\" data-animationType=\"fadeIn\" data-animationDuration=\"0.25\" data-animationOffset=\"top-into-view\"><div class=\"heading heading-with-icon icon-left\"><div class=\"icon\" style=\"-webkit-animation-duration: 350ms;animation-duration: 350ms;\"><span style=\"height:52px;width:52px;line-height:26px;border-color:#ffcb09;border-width:4px;border-style:solid;background-color:#ffcb09;box-sizing:content-box;border-radius:50%;\"><i style=\"border-color:rgba(255,255,255,0);border-width:0px;background-color:#304fa2;box-sizing:content-box;height:52px;width:52px;line-height:52px;border-radius:50%;position:relative;top:auto;left:auto;margin:0;border-radius:50%;font-size:26px;\" aria-hidden=\"true\" class=\"fontawesome-icon fa-rocket fas circle-yes\"><\/i><\/span><\/div><h2 class=\"content-box-heading fusion-responsive-typography-calculated\" style=\"--h2_typography-font-size:22px;--fontSize:22;line-height:1.2;\">Modernisierung<\/h2><\/div><div class=\"fusion-clearfix\"><\/div><div class=\"content-container\"><span style=\"color: #304fa2;\"><strong>1981<\/strong><\/span><\/p>\n<p style=\"text-align: justify;\">1981 fand die Inbetriebnahme einer eigens, auf einem 15.000 m\u00b2 gro\u00dfen Grundst\u00fcck im Industriegebiet errichteten, \u00fcbermodernen Fabrik statt. Dort erfolgt die Verarbeitung, Standarisierung und Verpackung der Rosinen.<\/p>\n<p style=\"text-align: justify;\">Die \u00fcbermodernen Ger\u00e4te mit einer Produktionskapazit\u00e4t von bis zu 30 t in 8 Stunden gew\u00e4hrleisten die gleichbleibende Produktqualit\u00e4t.<\/p>\n<\/div><div class=\"content-box-shortcode-timeline\" style=\"border-color:#ffcb09;top:30px;-webkit-transition-duration: 350ms;animation-duration: 350ms;\"><\/div><\/div><\/div><div class=\"fusion-clearfix\"><\/div><\/div><div class=\"fusion-sep-clear\"><\/div><div class=\"fusion-separator fusion-full-width-sep\" style=\"margin-left: auto;margin-right: auto;margin-top:10px;margin-bottom:10px;width:100%;\"><\/div><div class=\"fusion-sep-clear\"><\/div><div class=\"fusion-content-boxes content-boxes columns row fusion-columns-2 fusion-columns-total-2 fusion-content-boxes-2 content-boxes-icon-boxed content-left radius_box\" style=\"--awb-margin-top:0px;--awb-margin-bottom:0px;--awb-hover-accent-color:#304fa2;--awb-circle-hover-accent-color:#304fa2;\" data-animationOffset=\"top-into-view\"><div style=\"--awb-backgroundcolor:#304fa2;\" class=\"fusion-column content-box-column content-box-column content-box-column-1 col-lg-6 col-md-6 col-sm-6 fusion-content-box-hover content-box-column-first-in-row\"><div class=\"col content-box-wrapper content-wrapper-background content-wrapper-boxed link-area-link-icon content-icon-wrapper-yes icon-wrapper-hover-animation-pulsate fusion-animated\" data-animationType=\"slideInLeft\" data-animationDuration=\"1.2\" data-animationOffset=\"top-into-view\"><div class=\"fusion-clearfix\"><\/div><div class=\"content-container\">\n<p style=\"text-align: justify; color: #ffffff;\">Unsere Kunden in ganz Europa, unter denen sich etliche gro\u00dfe Hersteller der Schokoladen- und Backindustrie etc. befinden, sehen in uns aufgrund hoher Qualit\u00e4tsstandards und der hygienischen Verh\u00e4ltnisse in unseren Anlagen ihren festen Partner und Lieferanten.<\/p>\n<\/div><\/div><\/div><div style=\"--awb-backgroundcolor:#304fa2;\" class=\"fusion-column content-box-column content-box-column content-box-column-2 col-lg-6 col-md-6 col-sm-6 fusion-content-box-hover content-box-column-last content-box-column-last-in-row\"><div class=\"col content-box-wrapper content-wrapper-background content-wrapper-boxed link-area-link-icon content-icon-wrapper-yes icon-wrapper-hover-animation-pulsate fusion-animated\" data-animationType=\"slideInRight\" data-animationDuration=\"1.2\" data-animationOffset=\"top-into-view\"><div class=\"fusion-clearfix\"><\/div><div class=\"content-container\">\n<p style=\"text-align: justify; color: #ffffff;\">Parallel zum Exportsektor bet\u00e4tigt sich das Unternehmen aktiv auch auf dem Binnenmarkt von Griechenland und hat allj\u00e4hrlich deutliches Wachstum aufzuweisen.<\/p>\n<\/div><\/div><\/div><div class=\"fusion-clearfix\"><\/div><\/div><div class=\"fusion-clearfix\"><\/div><\/div><\/div><\/div><\/div><div class=\"fusion-fullwidth fullwidth-box fusion-builder-row-2 nonhundred-percent-fullwidth non-hundred-percent-height-scrolling fusion-equal-height-columns\" style=\"--awb-background-position:left top;--awb-border-sizes-top:0px;--awb-border-sizes-bottom:0px;--awb-border-sizes-left:0px;--awb-border-sizes-right:0px;--awb-border-radius-top-left:0px;--awb-border-radius-top-right:0px;--awb-border-radius-bottom-right:0px;--awb-border-radius-bottom-left:0px;--awb-padding-top:90px;--awb-padding-bottom:80px;--awb-margin-bottom:0px;--awb-background-color:rgba(255,255,255,0.88);--awb-flex-wrap:wrap;\" ><div class=\"fusion-builder-row fusion-row\"><div class=\"fusion-layout-column fusion_builder_column fusion-builder-column-1 fusion_builder_column_1_2 1_2 fusion-one-half fusion-column-first\" style=\"--awb-padding-top:15px;--awb-padding-right:5%;--awb-padding-bottom:15px;--awb-padding-left:5%;--awb-bg-size:cover;width:48%; margin-right: 4%;\"><div class=\"fusion-column-wrapper fusion-flex-column-wrapper-legacy\"><div class=\"fusion-column-content-centered\"><div class=\"fusion-column-content\"><div class=\"fusion-image-element fusion-image-align-center in-legacy-container\" style=\"text-align:center;--awb-max-width:300px;--awb-caption-title-font-family:var(--h2_typography-font-family);--awb-caption-title-font-weight:var(--h2_typography-font-weight);--awb-caption-title-font-style:var(--h2_typography-font-style);--awb-caption-title-size:var(--h2_typography-font-size);--awb-caption-title-transform:var(--h2_typography-text-transform);--awb-caption-title-line-height:var(--h2_typography-line-height);--awb-caption-title-letter-spacing:var(--h2_typography-letter-spacing);\"><div class=\"imageframe-align-center\"><span class=\" fusion-imageframe imageframe-none imageframe-1 hover-type-none\"><img decoding=\"async\" width=\"664\" height=\"130\" title=\"suntos-logo-1\" src=\"https:\/\/suntos.gr\/wp-content\/uploads\/2021\/04\/suntos-logo-1.png\" alt class=\"img-responsive wp-image-4080\"\/><\/span><\/div><\/div><div class=\"fusion-sep-clear\"><\/div><div class=\"fusion-separator fusion-full-width-sep\" style=\"margin-left: auto;margin-right: auto;margin-top:20px;width:100%;\"><\/div><div class=\"fusion-sep-clear\"><\/div><div class=\"fusion-title title fusion-title-2 fusion-title-center fusion-title-text fusion-title-size-two\" style=\"--awb-font-size:30px;\"><div class=\"title-sep-container title-sep-container-left\"><div class=\"title-sep sep- sep-solid\" style=\"border-color:#e2e2e2;\"><\/div><\/div><span class=\"awb-title-spacer\"><\/span><h2 class=\"fusion-title-heading title-heading-center fusion-responsive-typography-calculated\" style=\"margin:0;font-size:1em;--fontSize:30;line-height:1.2;\">Raisin fabrik<\/h2><span class=\"awb-title-spacer\"><\/span><div class=\"title-sep-container title-sep-container-right\"><div class=\"title-sep sep- sep-solid\" style=\"border-color:#e2e2e2;\"><\/div><\/div><\/div><div class=\"fusion-text fusion-text-1\" style=\"--awb-content-alignment:justify;\"><p>Unsere <a href=\"http:\/\/toskoudis.gr\/\">Rosinenfabrik<\/a> verf\u00fcgt \u00fcber eine komplette Produktionslinie bestehend aus W\u00e4scherei, Sulfitierungsraum, Ofen, Sortiersieben, Entnahmemaschinen, Lasermaschinen, automatischen Wiegesystemen, Formungsmaschinen und hochmodernen elektronischen Maschinen, die Verunreinigungen wie Metallgegenst\u00e4nde kontrollieren. usw..<\/p>\n<p>Unsere Fabrik ist mit modernster Verpackungstechnologie ausgestattet. Wir k\u00f6nnen Rosinen sowohl in Gro\u00dfpackungen zu mehreren Kilogramm als auch in T\u00fcten mit unterschiedlichen Gramms\u00e4tzen verpacken.<\/p>\n<\/div><div class=\"fusion-sep-clear\"><\/div><div class=\"fusion-separator fusion-full-width-sep\" style=\"margin-left: auto;margin-right: auto;margin-top:10px;width:100%;\"><\/div><div class=\"fusion-sep-clear\"><\/div><div class=\"fusion-aligncenter\"><a class=\"fusion-button button-flat button-xlarge button-custom fusion-button-default button-1 fusion-button-default-span fusion-button-default-type\" style=\"--button_accent_color:#ffffff;--button_accent_hover_color:#ffffff;--button_border_hover_color:#ffffff;--button_gradient_top_color:#304fa2;--button_gradient_bottom_color:#304fa2;--button_gradient_top_color_hover:#304fa2;--button_gradient_bottom_color_hover:#304fa2;--button_text_transform:none;\" target=\"_blank\" rel=\"noopener noreferrer\" href=\"http:\/\/toskoudis.gr\/\"><span class=\"fusion-button-text awb-button__text awb-button__text--default\">Mehr sehen<\/span><\/a><\/div><\/div><\/div><div class=\"fusion-clearfix\"><\/div><\/div><\/div><div class=\"fusion-layout-column fusion_builder_column fusion-builder-column-2 fusion_builder_column_1_2 1_2 fusion-one-half fusion-column-last\" style=\"--awb-padding-top:25px;--awb-bg-size:cover;width:48%;\"><div class=\"fusion-column-wrapper fusion-column-has-shadow fusion-flex-column-wrapper-legacy\"><div class=\"fusion-column-content-centered\"><div class=\"fusion-column-content\"><div class=\"fusion-slider-sc fusion-flexslider-loading flexslider flexslider-hover-type-none\" data-slideshow_autoplay=\"1\" data-slideshow_smooth_height=\"0\" data-slideshow_speed=\"7000\" style=\"max-width:100%;height:100%;\"><ul class=\"slides\"><li class=\"image\"><span class=\"fusion-image-hover-element hover-type-none\"><img decoding=\"async\" src=\"https:\/\/suntos.gr\/wp-content\/uploads\/2021\/04\/stafida-suntos-soultanina.jpg\" width=\"450\" height=\"450\" class=\"wp-image-3536\" srcset=\"https:\/\/suntos.gr\/wp-content\/uploads\/2021\/04\/stafida-suntos-soultanina-200x200.jpg 200w, https:\/\/suntos.gr\/wp-content\/uploads\/2021\/04\/stafida-suntos-soultanina-400x400.jpg 400w, https:\/\/suntos.gr\/wp-content\/uploads\/2021\/04\/stafida-suntos-soultanina.jpg 450w\" sizes=\"(max-width: 800px) 100vw, 450px\" \/><\/span><\/li><li class=\"image\"><span class=\"fusion-image-hover-element hover-type-none\"><img decoding=\"async\" src=\"https:\/\/suntos.gr\/wp-content\/uploads\/2021\/04\/stafida-suntos-mayrh.jpg\" width=\"450\" height=\"450\" class=\"wp-image-3534\" srcset=\"https:\/\/suntos.gr\/wp-content\/uploads\/2021\/04\/stafida-suntos-mayrh-200x200.jpg 200w, https:\/\/suntos.gr\/wp-content\/uploads\/2021\/04\/stafida-suntos-mayrh-400x400.jpg 400w, https:\/\/suntos.gr\/wp-content\/uploads\/2021\/04\/stafida-suntos-mayrh.jpg 450w\" sizes=\"(max-width: 800px) 100vw, 450px\" \/><\/span><\/li><li class=\"image\"><span class=\"fusion-image-hover-element hover-type-none\"><img decoding=\"async\" src=\"https:\/\/suntos.gr\/wp-content\/uploads\/2021\/04\/stafida-suntos-mixed.jpg\" width=\"450\" height=\"450\" class=\"wp-image-3535\" srcset=\"https:\/\/suntos.gr\/wp-content\/uploads\/2021\/04\/stafida-suntos-mixed-200x200.jpg 200w, https:\/\/suntos.gr\/wp-content\/uploads\/2021\/04\/stafida-suntos-mixed-400x400.jpg 400w, https:\/\/suntos.gr\/wp-content\/uploads\/2021\/04\/stafida-suntos-mixed.jpg 450w\" sizes=\"(max-width: 800px) 100vw, 450px\" \/><\/span><\/li><li class=\"image\"><span class=\"fusion-image-hover-element hover-type-none\"><img decoding=\"async\" src=\"https:\/\/suntos.gr\/wp-content\/uploads\/2021\/04\/stafida-suntos.jpg\" width=\"450\" height=\"450\" class=\"wp-image-3533\" srcset=\"https:\/\/suntos.gr\/wp-content\/uploads\/2021\/04\/stafida-suntos-200x200.jpg 200w, https:\/\/suntos.gr\/wp-content\/uploads\/2021\/04\/stafida-suntos-400x400.jpg 400w, https:\/\/suntos.gr\/wp-content\/uploads\/2021\/04\/stafida-suntos.jpg 450w\" sizes=\"(max-width: 800px) 100vw, 450px\" \/><\/span><\/li><\/ul><\/div><\/div><\/div><div class=\"fusion-clearfix\"><\/div><\/div><\/div><\/div><\/div><div class=\"fusion-fullwidth fullwidth-box fusion-builder-row-3 nonhundred-percent-fullwidth non-hundred-percent-height-scrolling\" style=\"--awb-background-position:center top;--awb-border-sizes-top:0px;--awb-border-sizes-bottom:0px;--awb-border-sizes-left:0px;--awb-border-sizes-right:0px;--awb-border-radius-top-left:0px;--awb-border-radius-top-right:0px;--awb-border-radius-bottom-right:0px;--awb-border-radius-bottom-left:0px;--awb-padding-top:80px;--awb-padding-bottom:80px;--awb-background-color:#304fa2;--awb-flex-wrap:wrap;\" ><div class=\"fusion-builder-row fusion-row\"><div class=\"fusion-layout-column fusion_builder_column fusion-builder-column-3 fusion_builder_column_2_3 2_3 fusion-two-third fusion-column-first fusion-column-no-min-height\" style=\"--awb-bg-size:cover;--awb-margin-bottom:0px;width:65.3333%; margin-right: 4%;\"><div class=\"fusion-column-wrapper fusion-flex-column-wrapper-legacy\"><div class=\"fusion-title title fusion-title-3 fusion-title-text fusion-title-size-two\" style=\"--awb-text-color:#ffffff;--awb-margin-bottom:40px;--awb-font-size:30px;\"><h2 class=\"fusion-title-heading title-heading-left fusion-responsive-typography-calculated\" style=\"margin:0;font-size:1em;--fontSize:30;line-height:1.2;\">M\u00f6chten Sie mehr \u00fcber SUNTOS Raisin Fabrik erfahren?<\/h2><span class=\"awb-title-spacer\"><\/span><div class=\"title-sep-container\"><div class=\"title-sep sep- sep-solid\" style=\"border-color:#e2e2e2;\"><\/div><\/div><\/div><div class=\"fusion-text fusion-text-2\"><p style=\"text-align: left; color: #ffffff;\">Kontaktieren Sie uns und lassen Sie es uns wissen<\/p>\n<\/div><div class=\"fusion-clearfix\"><\/div><\/div><\/div><div class=\"fusion-layout-column fusion_builder_column fusion-builder-column-4 fusion_builder_column_1_3 1_3 fusion-one-third fusion-column-last fusion-column-no-min-height\" style=\"--awb-bg-size:cover;--awb-margin-bottom:0px;width:30.6666%;\"><div class=\"fusion-column-wrapper fusion-flex-column-wrapper-legacy\"><div class=\"fusion-sep-clear\"><\/div><div class=\"fusion-separator fusion-full-width-sep\" style=\"margin-left: auto;margin-right: auto;margin-top:10px;margin-bottom:10px;width:100%;\"><\/div><div class=\"fusion-sep-clear\"><\/div><div class=\"fusion-aligncenter\"><a class=\"fusion-button button-flat button-large button-custom fusion-button-default button-2 fusion-button-default-span fusion-animated\" style=\"--button_accent_color:#ffffff;--button_accent_hover_color:#304fa2;--button_border_hover_color:#ffffff;--button_border_width-top:2px;--button_border_width-right:2px;--button_border_width-bottom:2px;--button_border_width-left:2px;--button_gradient_top_color:#304fa2;--button_gradient_bottom_color:#304fa2;--button_gradient_top_color_hover:#ffffff;--button_gradient_bottom_color_hover:#ffffff;\" data-animationType=\"fadeInUp\" data-animationDuration=\"2.0\" data-animationOffset=\"top-into-view\" target=\"_blank\" rel=\"noopener noreferrer\" href=\"https:\/\/suntos.gr\/de\/kontakt\/\"><span class=\"fusion-button-text awb-button__text awb-button__text--default\">KONTAKTIEREN SIE MICH JETZT<\/span><\/a><\/div><div class=\"fusion-clearfix\"><\/div><\/div><\/div><\/div><\/div><\/p>\n","protected":false},"excerpt":{"rendered":"","protected":false},"author":1,"featured_media":3714,"parent":0,"menu_order":0,"comment_status":"closed","ping_status":"closed","template":"100-width.php","meta":{"footnotes":""},"class_list":["post-3709","page","type-page","status-publish","has-post-thumbnail","hentry"],"_links":{"self":[{"href":"https:\/\/suntos.gr\/de\/wp-json\/wp\/v2\/pages\/3709","targetHints":{"allow":["GET"]}}],"collection":[{"href":"https:\/\/suntos.gr\/de\/wp-json\/wp\/v2\/pages"}],"about":[{"href":"https:\/\/suntos.gr\/de\/wp-json\/wp\/v2\/types\/page"}],"author":[{"embeddable":true,"href":"https:\/\/suntos.gr\/de\/wp-json\/wp\/v2\/users\/1"}],"replies":[{"embeddable":true,"href":"https:\/\/suntos.gr\/de\/wp-json\/wp\/v2\/comments?post=3709"}],"version-history":[{"count":9,"href":"https:\/\/suntos.gr\/de\/wp-json\/wp\/v2\/pages\/3709\/revisions"}],"predecessor-version":[{"id":4197,"href":"https:\/\/suntos.gr\/de\/wp-json\/wp\/v2\/pages\/3709\/revisions\/4197"}],"wp:featuredmedia":[{"embeddable":true,"href":"https:\/\/suntos.gr\/de\/wp-json\/wp\/v2\/media\/3714"}],"wp:attachment":[{"href":"https:\/\/suntos.gr\/de\/wp-json\/wp\/v2\/media?parent=3709"}],"curies":[{"name":"wp","href":"https:\/\/api.w.org\/{rel}","templated":true}]}}